{"id":21,"date":"2014-05-11T20:20:56","date_gmt":"2014-05-11T20:20:56","guid":{"rendered":"http:\/\/administraciones-sg.com\/?page_id=21"},"modified":"2017-08-27T11:00:34","modified_gmt":"2017-08-27T11:00:34","slug":"servicios","status":"publish","type":"page","link":"http:\/\/administraciones-sg.com\/?page_id=21","title":{"rendered":"Servicios"},"content":{"rendered":"<p><em><strong>BASICOS:<\/strong><\/em><\/p>\n<p><em>*Facturaci\u00f3n y puesta al cobro mediante domiciliaci\u00f3n bancaria de los recibos que por cuotas ordinarias o extraordinarias fije la Comunidad.<\/em><br \/>\n<em> *Cobro a trav\u00e9s de la caja del despacho de los recibos de los Propietarios que adopten este sistema de pago.<\/em><br \/>\n<em> *Custodia de los fondos que se encuentren en su poder, a disposici\u00f3n de la Comunidad de Propietarios.<\/em><br \/>\n<em> *Control, reclamaci\u00f3n y gesti\u00f3n amistosa de cobro de los recibos pendientes de pago por cualquier concepto.<\/em><br \/>\n<em> *Llevanza al d\u00eda de la contabilidad por partida doble de la Comunidad mediante la apertura de la misma conforme a las normas habituales al respecto.<\/em><br \/>\n<em> *Control de gastos y elaboraci\u00f3n del presupuesto anual.<\/em><br \/>\n<em> *Env\u00edo peri\u00f3dico de la informaci\u00f3n econ\u00f3mica correspondiente al acumulado de ese periodo.<\/em><br \/>\n<em> *Ejecuci\u00f3n de acuerdos adoptados por la Junta<\/em><br \/>\n<em> *Asesoramiento a la Comunidad en materia de propiedad horizontal cuantas veces sea requerido.<\/em><\/p>\n<p><em>\u00a0<\/em><em><strong>SERVICIOS DE SECRETARIA:<\/strong><\/em><\/p>\n<p><em>-La confecci\u00f3n y env\u00edo de convocatorias a juntas tanto ordinarias como extraordinarias. Asistencia a una junta ordinaria y una extraordinaria al a\u00f1o, levantando y firmando en calidad de secretario el acta de la sesi\u00f3n, transcribi\u00e9ndola al libro y posterior env\u00edo de un ejemplar a todos los Propietarios.<\/em><br \/>\n<em> -Redacci\u00f3n y env\u00edo de cuantas circulares, cartas, escritos, solicitudes, apercibimientos o notificaciones escritas sean necesario redactar y remitir tanto a Sres. Propietarios como a proveedores, organismos oficiales, entidades privadas, etc.<\/em><\/p>\n<p><em> -Firma de certificados de la situaci\u00f3n de deudas para interposici\u00f3n del procedimiento judicial que proceda para la reclamaci\u00f3n de deudas.<\/em><em>\u00a0<\/em><\/p>\n<p><em>-Firma de certificaci\u00f3n del acuerdo comunitario para el ejercicio de la acci\u00f3n de cesaci\u00f3n por vecino molesto.<\/em><\/p>\n<p><em> -Tenencia y puesta al d\u00eda de los ficheros de datos tanto inform\u00e1ticos como en soporte papel de los Propietarios que componen la Comunidad registrando los cambios tanto de domicilio a efectos de notificaciones como de cambios de titularidad de los pisos o locales.<\/em><\/p>\n<p><em> -Custodiar el libro de actas y conservar durante cinco a\u00f1os las convocatorias, comunicaciones, apoderamientos y dem\u00e1s documentos relevantes de las reuniones.<\/em><\/p>\n<p><em> -Custodiar el libro de visitas (laboral) de la Comunidad.<\/em><\/p>\n<p><em>-Encargado del tratamiento y custodia de los datos a tenor de la L.O.P.D.<\/em><\/p>\n<p><em><strong>SERVICIOS DE GESTION Y CONSERVACION:<\/strong><\/em><\/p>\n<p><em>+Contrataci\u00f3n de nuevos servicios y suministros, o sustituci\u00f3n de los mismos, seg\u00fan los acuerdos al respecto de la Comunidad, y previamente facultados por esta.<\/em><\/p>\n<p><em> +Atenci\u00f3n de llamadas o avisos de aver\u00edas estableciendo lo necesario para solventar la situaci\u00f3n bien a trav\u00e9s de los distintos servicios t\u00e9cnicos recomendados por el despacho o a trav\u00e9s de los que la Comunidad designe como de su confianza.<\/em><\/p>\n<p><em> +Valoraci\u00f3n de los inmuebles a efectos de la contrataci\u00f3n de los seguros de riesgo correspondientes.<\/em><\/p>\n<p><em> +Seguimiento de siniestros con la compa\u00f1\u00eda de seguros incluso denuncia a la Polic\u00eda de actos de robo, vand\u00e1licos o malintencionados.<\/em><\/p>\n<p><em> +Control administrativo de obras y trabajos de conservaci\u00f3n y mantenimiento ordinario gestionando presupuestos con los distintos proveedores o t\u00e9cnicos.<\/em><\/p>\n<p>&nbsp;<\/p>\n<p style=\"text-align: center;\"><span style=\"text-decoration: underline;\"><em><strong>Su comunidad desde 3\u20ac\/mes por propiedad.<\/strong><\/em><\/span><\/p>\n","protected":false},"excerpt":{"rendered":"<p>BASICOS: *Facturaci\u00f3n y puesta al cobro mediante domiciliaci\u00f3n bancaria de los recibos que por cuotas ordinarias o extraordinarias fije la Comunidad. *Cobro a trav\u00e9s de la caja del despacho de los recibos de los Propietarios que adopten este sistema de pago. *Custodia de los fondos que se encuentren en su \u2026<\/p>\n<p class=\"continue-reading-button\"> <a class=\"continue-reading-link\" href=\"http:\/\/administraciones-sg.com\/?page_id=21\">Continue reading<i class=\"crycon-right-dir\"><\/i><\/a><\/p>\n","protected":false},"author":1,"featured_media":0,"parent":0,"menu_order":0,"comment_status":"closed","ping_status":"open","template":"","meta":[],"_links":{"self":[{"href":"http:\/\/administraciones-sg.com\/index.php?rest_route=\/wp\/v2\/pages\/21"}],"collection":[{"href":"http:\/\/administraciones-sg.com\/index.php?rest_route=\/wp\/v2\/pages"}],"about":[{"href":"http:\/\/administraciones-sg.com\/index.php?rest_route=\/wp\/v2\/types\/page"}],"author":[{"embeddable":true,"href":"http:\/\/administraciones-sg.com\/index.php?rest_route=\/wp\/v2\/users\/1"}],"replies":[{"embeddable":true,"href":"http:\/\/administraciones-sg.com\/index.php?rest_route=%2Fwp%2Fv2%2Fcomments&post=21"}],"version-history":[{"count":8,"href":"http:\/\/administraciones-sg.com\/index.php?rest_route=\/wp\/v2\/pages\/21\/revisions"}],"predecessor-version":[{"id":119,"href":"http:\/\/administraciones-sg.com\/index.php?rest_route=\/wp\/v2\/pages\/21\/revisions\/119"}],"wp:attachment":[{"href":"http:\/\/administraciones-sg.com\/index.php?rest_route=%2Fwp%2Fv2%2Fmedia&parent=21"}],"curies":[{"name":"wp","href":"https:\/\/api.w.org\/{rel}","templated":true}]}}