{"id":86,"date":"2014-11-17T10:47:02","date_gmt":"2014-11-17T10:47:02","guid":{"rendered":"http:\/\/administraciones-sg.com\/?page_id=86"},"modified":"2017-08-27T10:59:38","modified_gmt":"2017-08-27T10:59:38","slug":"asesoria","status":"publish","type":"page","link":"http:\/\/administraciones-sg.com\/?page_id=86","title":{"rendered":"Asesor\u00eda"},"content":{"rendered":"<p>Asesor\u00eda fiscal , contable, laboral y jur\u00eddica.<\/p>\n<p>Realizaci\u00f3n y presentaci\u00f3n de toda las liquidaciones\u00a0de impuestos as\u00ed como los res\u00famenes anuales , realizaci\u00f3n de las obligaciones contables, asesoramiento en la elaboraci\u00f3n de contratos mercantiles.<\/p>\n<p>&nbsp;<\/p>\n<p style=\"text-align: center;\"><em><strong>Aut\u00f3nomos desde 35\u20ac\/mes.<\/strong><\/em><\/p>\n","protected":false},"excerpt":{"rendered":"<p>Asesor\u00eda fiscal , contable, laboral y jur\u00eddica. Realizaci\u00f3n y presentaci\u00f3n de toda las liquidaciones\u00a0de impuestos as\u00ed como los res\u00famenes anuales , realizaci\u00f3n de las obligaciones contables, asesoramiento en la elaboraci\u00f3n de contratos mercantiles. &nbsp; Aut\u00f3nomos desde 35\u20ac\/mes.<\/p>\n<p class=\"continue-reading-button\"> <a class=\"continue-reading-link\" href=\"http:\/\/administraciones-sg.com\/?page_id=86\">Continue reading<i class=\"crycon-right-dir\"><\/i><\/a><\/p>\n","protected":false},"author":1,"featured_media":0,"parent":0,"menu_order":0,"comment_status":"closed","ping_status":"open","template":"","meta":[],"_links":{"self":[{"href":"http:\/\/administraciones-sg.com\/index.php?rest_route=\/wp\/v2\/pages\/86"}],"collection":[{"href":"http:\/\/administraciones-sg.com\/index.php?rest_route=\/wp\/v2\/pages"}],"about":[{"href":"http:\/\/administraciones-sg.com\/index.php?rest_route=\/wp\/v2\/types\/page"}],"author":[{"embeddable":true,"href":"http:\/\/administraciones-sg.com\/index.php?rest_route=\/wp\/v2\/users\/1"}],"replies":[{"embeddable":true,"href":"http:\/\/administraciones-sg.com\/index.php?rest_route=%2Fwp%2Fv2%2Fcomments&post=86"}],"version-history":[{"count":5,"href":"http:\/\/administraciones-sg.com\/index.php?rest_route=\/wp\/v2\/pages\/86\/revisions"}],"predecessor-version":[{"id":118,"href":"http:\/\/administraciones-sg.com\/index.php?rest_route=\/wp\/v2\/pages\/86\/revisions\/118"}],"wp:attachment":[{"href":"http:\/\/administraciones-sg.com\/index.php?rest_route=%2Fwp%2Fv2%2Fmedia&parent=86"}],"curies":[{"name":"wp","href":"https:\/\/api.w.org\/{rel}","templated":true}]}}