{"id":91,"date":"2015-01-08T10:40:33","date_gmt":"2015-01-08T10:40:33","guid":{"rendered":"http:\/\/administraciones-sg.com\/?page_id=91"},"modified":"2017-08-27T10:58:55","modified_gmt":"2017-08-27T10:58:55","slug":"acceso-clientes","status":"publish","type":"page","link":"http:\/\/administraciones-sg.com\/?page_id=91","title":{"rendered":"Acceso clientes"},"content":{"rendered":"<p>Desde aqu\u00ed podr\u00e1 ver el estado de cuentas de su comunidad, necesitar\u00e1 de un usuario y clave. Si no los tiene p\u00f3ngase en contacto con nosotros y se lo facilitaremos.<\/p>\n<p><a href=\"https:\/\/www.tucomunidad.com\/#\/login\" target=\"_blank\">Haga click aqu\u00ed para acceder<\/a><\/p>\n<p>Nota: el enlace accede a un sistema de gesti\u00f3n externo.<\/p>\n","protected":false},"excerpt":{"rendered":"<p>Desde aqu\u00ed podr\u00e1 ver el estado de cuentas de su comunidad, necesitar\u00e1 de un usuario y clave. Si no los tiene p\u00f3ngase en contacto con nosotros y se lo facilitaremos. Haga click aqu\u00ed para acceder Nota: el enlace accede a un sistema de gesti\u00f3n externo.<\/p>\n<p class=\"continue-reading-button\"> <a class=\"continue-reading-link\" href=\"http:\/\/administraciones-sg.com\/?page_id=91\">Continue reading<i class=\"crycon-right-dir\"><\/i><\/a><\/p>\n","protected":false},"author":1,"featured_media":0,"parent":0,"menu_order":0,"comment_status":"closed","ping_status":"closed","template":"","meta":[],"_links":{"self":[{"href":"http:\/\/administraciones-sg.com\/index.php?rest_route=\/wp\/v2\/pages\/91"}],"collection":[{"href":"http:\/\/administraciones-sg.com\/index.php?rest_route=\/wp\/v2\/pages"}],"about":[{"href":"http:\/\/administraciones-sg.com\/index.php?rest_route=\/wp\/v2\/types\/page"}],"author":[{"embeddable":true,"href":"http:\/\/administraciones-sg.com\/index.php?rest_route=\/wp\/v2\/users\/1"}],"replies":[{"embeddable":true,"href":"http:\/\/administraciones-sg.com\/index.php?rest_route=%2Fwp%2Fv2%2Fcomments&post=91"}],"version-history":[{"count":4,"href":"http:\/\/administraciones-sg.com\/index.php?rest_route=\/wp\/v2\/pages\/91\/revisions"}],"predecessor-version":[{"id":116,"href":"http:\/\/administraciones-sg.com\/index.php?rest_route=\/wp\/v2\/pages\/91\/revisions\/116"}],"wp:attachment":[{"href":"http:\/\/administraciones-sg.com\/index.php?rest_route=%2Fwp%2Fv2%2Fmedia&parent=91"}],"curies":[{"name":"wp","href":"https:\/\/api.w.org\/{rel}","templated":true}]}}